{"id":3477,"date":"2021-12-12T07:13:09","date_gmt":"2021-12-12T07:13:09","guid":{"rendered":"https:\/\/themebing.com\/wp\/prolancer\/?page_id=3477"},"modified":"2023-05-05T17:21:31","modified_gmt":"2023-05-05T13:21:31","slug":"login-and-register","status":"publish","type":"page","link":"https:\/\/fayda.az\/ru\/login-and-register\/","title":{"rendered":"Login and register"},"content":{"rendered":"<div data-elementor-type=\"wp-page\" data-elementor-id=\"3477\" class=\"elementor elementor-3477\">\n\t\t\t\t\t\t\t\t\t<section class=\"elementor-section elementor-top-section elementor-element elementor-element-949510a elementor-section-height-full elementor-section-boxed elementor-section-height-default elementor-section-items-middle\" data-id=\"949510a\" data-element_type=\"section\" data-settings=\"{&quot;background_background&quot;:&quot;gradient&quot;,&quot;shape_divider_bottom&quot;:&quot;mountains&quot;}\">\n\t\t\t\t\t<div class=\"elementor-shape elementor-shape-bottom\" data-negative=\"false\">\n\t\t\t<svg xmlns=\"http:\/\/www.w3.org\/2000\/svg\" viewbox=\"0 0 1000 100\" preserveaspectratio=\"none\">\n\t<path class=\"elementor-shape-fill\" opacity=\"0.33\" d=\"M473,67.3c-203.9,88.3-263.1-34-320.3,0C66,119.1,0,59.7,0,59.7V0h1000v59.7 c0,0-62.1,26.1-94.9,29.3c-32.8,3.3-62.8-12.3-75.8-22.1C806,49.6,745.3,8.7,694.9,4.7S492.4,59,473,67.3z\"\/>\n\t<path class=\"elementor-shape-fill\" opacity=\"0.66\" d=\"M734,67.3c-45.5,0-77.2-23.2-129.1-39.1c-28.6-8.7-150.3-10.1-254,39.1 s-91.7-34.4-149.2,0C115.7,118.3,0,39.8,0,39.8V0h1000v36.5c0,0-28.2-18.5-92.1-18.5C810.2,18.1,775.7,67.3,734,67.3z\"\/>\n\t<path class=\"elementor-shape-fill\" d=\"M766.1,28.9c-200-57.5-266,65.5-395.1,19.5C242,1.8,242,5.4,184.8,20.6C128,35.8,132.3,44.9,89.9,52.5C28.6,63.7,0,0,0,0 h1000c0,0-9.9,40.9-83.6,48.1S829.6,47,766.1,28.9z\"\/>\n<\/svg>\t\t<\/div>\n\t\t\t\t\t<div class=\"elementor-container elementor-column-gap-default\">\n\t\t\t\t\t<div class=\"elementor-column elementor-col-50 elementor-top-column elementor-element elementor-element-8e1836a\" data-id=\"8e1836a\" data-element_type=\"column\">\n\t\t\t<div class=\"elementor-widget-wrap elementor-element-populated\">\n\t\t\t\t\t\t\t\t<div class=\"elementor-element elementor-element-5b8fa5a elementor-widget elementor-widget-heading\" data-id=\"5b8fa5a\" data-element_type=\"widget\" data-widget_type=\"heading.default\">\n\t\t\t\t<div class=\"elementor-widget-container\">\n\t\t\t<style>\/*! elementor - v3.13.3 - 22-05-2023 *\/\n.elementor-heading-title{padding:0;margin:0;line-height:1}.elementor-widget-heading .elementor-heading-title[class*=elementor-size-]>a{color:inherit;font-size:inherit;line-height:inherit}.elementor-widget-heading .elementor-heading-title.elementor-size-small{font-size:15px}.elementor-widget-heading .elementor-heading-title.elementor-size-medium{font-size:19px}.elementor-widget-heading .elementor-heading-title.elementor-size-large{font-size:29px}.elementor-widget-heading .elementor-heading-title.elementor-size-xl{font-size:39px}.elementor-widget-heading .elementor-heading-title.elementor-size-xxl{font-size:59px}<\/style><h2 class=\"elementor-heading-title elementor-size-default\">FAYDA.AZ-a xo\u015f g\u0259lmisiniz!<\/h2>\t\t<\/div>\n\t\t\t\t<\/div>\n\t\t\t\t<div class=\"elementor-element elementor-element-ac27cf7 elementor-widget elementor-widget-heading\" data-id=\"ac27cf7\" data-element_type=\"widget\" data-widget_type=\"heading.default\">\n\t\t\t\t<div class=\"elementor-widget-container\">\n\t\t\t<h2 class=\"elementor-heading-title elementor-size-default\">Vaxt\u0131n\u0131zdan v\u0259 x\u0259rcinizd\u0259n maksimum yararlanmaq \u00fc\u00e7\u00fcn \u0259n s\u0259rf\u0259li qiym\u0259t\u0259 istedadl\u0131 insanlarla i\u015fl\u0259yin\n\n\n<\/h2>\t\t<\/div>\n\t\t\t\t<\/div>\n\t\t\t\t\t<\/div>\n\t\t<\/div>\n\t\t\t\t<div class=\"elementor-column elementor-col-25 elementor-top-column elementor-element elementor-element-481617c\" data-id=\"481617c\" data-element_type=\"column\">\n\t\t\t<div class=\"elementor-widget-wrap\">\n\t\t\t\t\t\t\t\t\t<\/div>\n\t\t<\/div>\n\t\t\t\t<div class=\"elementor-column elementor-col-25 elementor-top-column elementor-element elementor-element-f66e69d\" data-id=\"f66e69d\" data-element_type=\"column\" data-settings=\"{&quot;background_background&quot;:&quot;classic&quot;}\">\n\t\t\t<div class=\"elementor-widget-wrap elementor-element-populated\">\n\t\t\t\t\t\t\t\t<div class=\"elementor-element elementor-element-761afa1 elementor-widget-mobile__width-initial elementor-widget elementor-widget-login_and_register\" data-id=\"761afa1\" data-element_type=\"widget\" data-widget_type=\"login_and_register.default\">\n\t\t\t\t<div class=\"elementor-widget-container\">\n\t\t\t            <div class=\"login-and-register\">\n                <a href=\"https:\/\/fayda.az\/ru\/\" class=\"custom-logo-link\" rel=\"home\"><img loading=\"lazy\" decoding=\"async\" width=\"4577\" height=\"870\" src=\"https:\/\/fayda.az\/wp-content\/uploads\/2023\/04\/cropped-Fayda-1-1.png\" class=\"custom-logo\" alt=\"fayda.az\" srcset=\"https:\/\/fayda.az\/wp-content\/uploads\/2023\/04\/cropped-Fayda-1-1.png 4577w, https:\/\/fayda.az\/wp-content\/uploads\/2023\/04\/cropped-Fayda-1-1-300x57.png 300w, https:\/\/fayda.az\/wp-content\/uploads\/2023\/04\/cropped-Fayda-1-1-1024x195.png 1024w, https:\/\/fayda.az\/wp-content\/uploads\/2023\/04\/cropped-Fayda-1-1-768x146.png 768w, https:\/\/fayda.az\/wp-content\/uploads\/2023\/04\/cropped-Fayda-1-1-1536x292.png 1536w, https:\/\/fayda.az\/wp-content\/uploads\/2023\/04\/cropped-Fayda-1-1-2048x389.png 2048w, https:\/\/fayda.az\/wp-content\/uploads\/2023\/04\/cropped-Fayda-1-1-600x114.png 600w\" sizes=\"auto, (max-width: 4577px) 100vw, 4577px\" \/><\/a>                <nav class=\"mb-3\">\n                    <div class=\"nav nav-tabs\" id=\"nav-tab\" role=\"tablist\">\n                        <div class=\"nav-link active\" data-bs-toggle=\"tab\" data-bs-target=\"#login\"\n                             aria-controls=\"nav-home\"\n                             aria-selected=\"true\">Login<\/div>\n                        <div class=\"nav-link\" data-bs-toggle=\"tab\" data-bs-target=\"#register\"\n                             aria-controls=\"nav-profile\"\n                             aria-selected=\"false\">Register<\/div>\n                    <\/div>\n                <\/nav>\n                <div class=\"tab-content\" id=\"nav-tabContent\">\n                    <div class=\"tab-pane fade show active\" id=\"login\" role=\"tabpanel\">\n                        <form method=\"post\" id=\"login-form\" action=\"\">\n                                                            <input type=\"text\" id=\"username_0\" name=\"username\"\n                                   placeholder=\"Username\" style=\"display: none;\">\n                                <input type=\"text\" id=\"phone_mask_0\" class=\"k_phone_from_login\" name=\"phone\" placeholder=\"\u041d\u043e\u043c\u0435\u0440 \u0442\u0435\u043b\u0435\u0444\u043e\u043d\u0430\">\n                                \n                            <input type=\"password\" name=\"password\"\n                                   placeholder=\"Password\">\n                            <input type=\"hidden\" name=\"onesignal_player_id\"\n                                   value=\"\">\n                            <fieldset>\n                                <label>\n                                    Login as                                    <\/span><\/label>\n                                <br>\n                                <label for='login_as_role_seller'>\n                                    <input type='radio' name='visit_as' id='login_as_role_seller' value=\"seller\"\n                                           checked>\n                                    <span>Seller<\/span>\n                                <\/label>\n                                <label for='login_as_role_buyer'>\n                                    <input type='radio' name='visit_as' id='login_as_role_buyer' value=\"buyer\">\n                                    <span>Buyer<\/span>\n                                <\/label>\n                            <\/fieldset>\n\n                                                            <a href=\"#\" id=\"login-submit\" data-nonce=\"9227cbde17\" class=\"prolancer-btn\">Login<\/a>\n                                                    <input type=\"hidden\" name=\"trp-form-language\" value=\"ru\"\/><\/form>\n                        <a href=\"https:\/\/fayda.az\/ru\/my-account\/lost-password\/\"\n                           class=\"mt-4 pt-2 d-block lost-password\"\n                           alt=\"Lost password\">\n                            Lost password                        <\/a>\n                    <\/div>\n                    <div class=\"tab-pane fade\" id=\"register\" role=\"tabpanel\">\n                        <form id=\"register-form\" action=\"\">\n                            <div class=\"row\">\n                                <div class=\"col-md-6\">\n                                <\/div>\n                                <div class=\"col-md-6\">\n                                <\/div>\n                            <\/div>\n\n\n                                                            <input type=\"text\" id=\"username\" style=\"display: none;\" value=\"no_username04222026091000am\" name=\"username\"\n                                       placeholder=\"Username\">\n                                <input type=\"email\" style=\"display: none;\" value=\"no_email04222026091000am@mail.com\" name=\"email\" placeholder=\"Email\">\n                                \n                            <input type=\"text\" class=\"k_firstname\" name=\"firstname\"\n                                   placeholder=\"First name\">\n                            <input type=\"text\" class=\"k_lastname\" name=\"lastname\"\n                                   placeholder=\"Last name\">\n\n                            <input type=\"text\" id=\"phone_mask\" name=\"phone\" placeholder=\"\u041d\u043e\u043c\u0435\u0440 \u0442\u0435\u043b\u0435\u0444\u043e\u043d\u0430\">\n\t\t\t<div class=\"targetvr-wrapper\">\n\t\t\t\t<div class=\"targetvr-item-input\">\n\t\t\t\t\t<button class=\"targetvr-button targetvr-button_send_code targetvr_button_send_code\" title=\"Send code\" id=\"targetvr_button_send_code\" data-type_code=\"registration\">\n\t\t\t\t\t\t<span class=\"button-text\">Send code<\/span>\n\t\t\t\t\t\t<span class=\"confirmation-code-good\"><\/span>\n\t\t\t\t\t<\/button>\n\t\t\t\t<\/div>\n\t\t\t<\/div>\n                            \n                            <input type=\"password\" name=\"password\"\n                                   placeholder=\"Password\">\n                            <input type=\"password\" name=\"re-password\"\n                                   placeholder=\"Repeat password\">\n                            <input type=\"hidden\" name=\"onesignal_player_id\"\n                                   value=\"\">\n                            \n                            <input type=\"text\" id=\"whatsapp_mask\" name=\"whatsapp\"\n                                   placeholder=\"WhatsApp Number\">\n                            <fieldset>\n                                <label>\n                                    Login as                                    <\/span><\/label>\n                                <br>\n                                <label for='login_as_role_seller'>\n                                    <input type='radio' name='visit_as' id='login_as_role_seller' value=\"seller\"\n                                           checked>\n                                    <span>Seller<\/span>\n                                <\/label>\n                                <label for='login_as_role_buyer'>\n                                    <input type='radio' name='visit_as' id='login_as_role_buyer' value=\"buyer\">\n                                    <span>Buyer<\/span>\n                                <\/label>\n                            <\/fieldset>\n                                                                <a href=\"#\" style=\"pointer-events: none;opacity: 0.5;\" id=\"register-submit\" data-nonce=\"2725bd0258\" class=\"prolancer-btn\">Register<\/a>\n                               \n                        <input type=\"hidden\" name=\"trp-form-language\" value=\"ru\"\/><\/form>\n                    <\/div>\n                <\/div>\n            <\/div>\n            <script src=\"https:\/\/cdn.jsdelivr.net\/npm\/jquery@3.2.1\/dist\/jquery.min.js\" type=\"text\/javascript\"><\/script>\n            <script src=\"https:\/\/cdn.jsdelivr.net\/npm\/jquery.maskedinput@1.4.1\/src\/jquery.maskedinput.min.js\" type=\"text\/javascript\"><\/script>\n            <script type=\"text\/javascript\">\n                $(\"#whatsapp_mask\").mask(\"+999 99 999-99-99\");\n                $(\"#phone_mask\").mask(\"+999 99 999-99-99\");\n\t            \t                $(\"#phone_mask\").on('change keyup', function(){\n\t                    $('#username').val($(this).val().replace('+', '').replaceAll('-', '').replaceAll(' ', ''));\n\t                })\n            \t\n                $(\"#phone_mask_0\").mask(\"+999 99 999-99-99\");\n                $(\".k_phone_from_login\").on('change keyup', function(){\n                    $('#username_0').val($(this).val().replace('+', '').replaceAll('-', '').replaceAll(' ', ''));\n                })\n\n\n            <\/script>\n        \t\t<\/div>\n\t\t\t\t<\/div>\n\t\t\t\t\t<\/div>\n\t\t<\/div>\n\t\t\t\t\t\t\t<\/div>\n\t\t<\/section>\n\t\t\t\t\t\t\t<\/div>","protected":false},"excerpt":{"rendered":"<p>FAYDA.AZ-a xo\u015f g\u0259lmisiniz! Vaxt\u0131n\u0131zdan v\u0259 x\u0259rcinizd\u0259n maksimum yararlanmaq \u00fc\u00e7\u00fcn \u0259n s\u0259rf\u0259li qiym\u0259t\u0259 istedadl\u0131 insanlarla i\u015fl\u0259yin<\/p>","protected":false},"author":1,"featured_media":0,"parent":0,"menu_order":0,"comment_status":"closed","ping_status":"closed","template":"elementor_canvas","meta":{"footnotes":""},"class_list":["post-3477","page","type-page","status-publish","hentry"],"_links":{"self":[{"href":"https:\/\/fayda.az\/ru\/wp-json\/wp\/v2\/pages\/3477","targetHints":{"allow":["GET"]}}],"collection":[{"href":"https:\/\/fayda.az\/ru\/wp-json\/wp\/v2\/pages"}],"about":[{"href":"https:\/\/fayda.az\/ru\/wp-json\/wp\/v2\/types\/page"}],"author":[{"embeddable":true,"href":"https:\/\/fayda.az\/ru\/wp-json\/wp\/v2\/users\/1"}],"replies":[{"embeddable":true,"href":"https:\/\/fayda.az\/ru\/wp-json\/wp\/v2\/comments?post=3477"}],"version-history":[{"count":54,"href":"https:\/\/fayda.az\/ru\/wp-json\/wp\/v2\/pages\/3477\/revisions"}],"predecessor-version":[{"id":4194,"href":"https:\/\/fayda.az\/ru\/wp-json\/wp\/v2\/pages\/3477\/revisions\/4194"}],"wp:attachment":[{"href":"https:\/\/fayda.az\/ru\/wp-json\/wp\/v2\/media?parent=3477"}],"curies":[{"name":"wp","href":"https:\/\/api.w.org\/{rel}","templated":true}]}}