{"id":36,"date":"2021-04-19T06:26:37","date_gmt":"2021-04-19T06:26:37","guid":{"rendered":"https:\/\/themebing.com\/wp\/prolancer\/?page_id=36"},"modified":"2023-04-20T23:49:15","modified_gmt":"2023-04-20T19:49:15","slug":"how-it-works","status":"publish","type":"page","link":"https:\/\/fayda.az\/ru\/how-it-works\/","title":{"rendered":"\u041a\u0430\u043a \u044d\u0442\u043e \u0440\u0430\u0431\u043e\u0442\u0430\u0435\u0442"},"content":{"rendered":"<div data-elementor-type=\"wp-page\" data-elementor-id=\"36\" class=\"elementor elementor-36\">\n\t\t\t\t\t\t\t\t\t<section class=\"elementor-section elementor-top-section elementor-element elementor-element-5eba091a elementor-section-boxed elementor-section-height-default elementor-section-height-default\" data-id=\"5eba091a\" data-element_type=\"section\" data-settings=\"{&quot;background_background&quot;:&quot;classic&quot;}\">\n\t\t\t\t\t\t<div class=\"elementor-container elementor-column-gap-default\">\n\t\t\t\t\t<div class=\"elementor-column elementor-col-33 elementor-top-column elementor-element elementor-element-7a3e7981\" data-id=\"7a3e7981\" data-element_type=\"column\">\n\t\t\t<div class=\"elementor-widget-wrap elementor-element-populated\">\n\t\t\t\t\t\t\t\t<div class=\"elementor-element elementor-element-62bfdda8 elementor-widget elementor-widget-image\" data-id=\"62bfdda8\" data-element_type=\"widget\" data-widget_type=\"image.default\">\n\t\t\t\t<div class=\"elementor-widget-container\">\n\t\t\t<style>\/*! elementor - v3.13.3 - 22-05-2023 *\/\n.elementor-widget-image{text-align:center}.elementor-widget-image a{display:inline-block}.elementor-widget-image a img[src$=\".svg\"]{width:48px}.elementor-widget-image img{vertical-align:middle;display:inline-block}<\/style>\t\t\t\t\t\t\t\t\t\t\t\t<img decoding=\"async\" src=\"https:\/\/fayda.az\/wp-content\/uploads\/elementor\/thumbs\/pngegg-24-q5b0kctwbf970rytv0tu5fva496skqtipoa20rlbrk.png\" title=\"pngegg (24)\" alt=\"pngegg (24)\" loading=\"lazy\" \/>\t\t\t\t\t\t\t\t\t\t\t\t\t\t\t<\/div>\n\t\t\t\t<\/div>\n\t\t\t\t<div class=\"elementor-element elementor-element-1757d6e elementor-widget elementor-widget-heading\" data-id=\"1757d6e\" data-element_type=\"widget\" data-widget_type=\"heading.default\">\n\t\t\t\t<div class=\"elementor-widget-container\">\n\t\t\t<style>\/*! elementor - v3.13.3 - 22-05-2023 *\/\n.elementor-heading-title{padding:0;margin:0;line-height:1}.elementor-widget-heading .elementor-heading-title[class*=elementor-size-]>a{color:inherit;font-size:inherit;line-height:inherit}.elementor-widget-heading .elementor-heading-title.elementor-size-small{font-size:15px}.elementor-widget-heading .elementor-heading-title.elementor-size-medium{font-size:19px}.elementor-widget-heading .elementor-heading-title.elementor-size-large{font-size:29px}.elementor-widget-heading .elementor-heading-title.elementor-size-xl{font-size:39px}.elementor-widget-heading .elementor-heading-title.elementor-size-xxl{font-size:59px}<\/style><h5 class=\"elementor-heading-title elementor-size-default\">Sifari\u015f Yarad\u0131n<\/h5>\t\t<\/div>\n\t\t\t\t<\/div>\n\t\t\t\t<div class=\"elementor-element elementor-element-72b52a69 elementor-widget elementor-widget-heading\" data-id=\"72b52a69\" data-element_type=\"widget\" data-widget_type=\"heading.default\">\n\t\t\t\t<div class=\"elementor-widget-container\">\n\t\t\t<p class=\"elementor-heading-title elementor-size-default\">Laz\u0131mli olan i\u015f haqq\u0131nda m\u0259lumat verin. Pulsuzdur v\u0259 3-4 d\u0259qiq\u0259 \u00e7\u0259kir.\n<\/p>\t\t<\/div>\n\t\t\t\t<\/div>\n\t\t\t\t\t<\/div>\n\t\t<\/div>\n\t\t\t\t<div class=\"elementor-column elementor-col-33 elementor-top-column elementor-element elementor-element-3a2db46f\" data-id=\"3a2db46f\" data-element_type=\"column\">\n\t\t\t<div class=\"elementor-widget-wrap elementor-element-populated\">\n\t\t\t\t\t\t\t\t<div class=\"elementor-element elementor-element-7270e879 elementor-widget elementor-widget-image\" data-id=\"7270e879\" data-element_type=\"widget\" data-widget_type=\"image.default\">\n\t\t\t\t<div class=\"elementor-widget-container\">\n\t\t\t\t\t\t\t\t\t\t\t\t\t\t\t<img decoding=\"async\" src=\"https:\/\/fayda.az\/wp-content\/uploads\/elementor\/thumbs\/pngegg-27-q5b0kepkiiidzs9ojmba92xy7i2ew9caw6pxd1x7ac.png\" title=\"pngegg (27)\" alt=\"pngegg (27)\" loading=\"lazy\" \/>\t\t\t\t\t\t\t\t\t\t\t\t\t\t\t<\/div>\n\t\t\t\t<\/div>\n\t\t\t\t<div class=\"elementor-element elementor-element-22ad19c6 elementor-widget elementor-widget-heading\" data-id=\"22ad19c6\" data-element_type=\"widget\" data-widget_type=\"heading.default\">\n\t\t\t\t<div class=\"elementor-widget-container\">\n\t\t\t<h5 class=\"elementor-heading-title elementor-size-default\">T\u0259klif \u0259ld\u0259 edin<\/h5>\t\t<\/div>\n\t\t\t\t<\/div>\n\t\t\t\t<div class=\"elementor-element elementor-element-6c6904b1 elementor-widget elementor-widget-heading\" data-id=\"6c6904b1\" data-element_type=\"widget\" data-widget_type=\"heading.default\">\n\t\t\t\t<div class=\"elementor-widget-container\">\n\t\t\t<p class=\"elementor-heading-title elementor-size-default\">\u0130cra\u00e7\u0131lar i\u015finiz\u0259 baxib art\u0131q qiym\u0259t t\u0259klifl\u0259ri il\u0259 sizinl\u0259 \u0259laq\u0259 quracaqlar.<\/p>\t\t<\/div>\n\t\t\t\t<\/div>\n\t\t\t\t\t<\/div>\n\t\t<\/div>\n\t\t\t\t<div class=\"elementor-column elementor-col-33 elementor-top-column elementor-element elementor-element-511f3326\" data-id=\"511f3326\" data-element_type=\"column\">\n\t\t\t<div class=\"elementor-widget-wrap elementor-element-populated\">\n\t\t\t\t\t\t\t\t<div class=\"elementor-element elementor-element-3941e06b elementor-widget elementor-widget-image\" data-id=\"3941e06b\" data-element_type=\"widget\" data-widget_type=\"image.default\">\n\t\t\t\t<div class=\"elementor-widget-container\">\n\t\t\t\t\t\t\t\t\t\t\t\t\t\t\t<img decoding=\"async\" src=\"https:\/\/fayda.az\/wp-content\/uploads\/elementor\/thumbs\/pngegg-25-q5b0kctwdm6zkuiav5xrtw0p5fh5y1dqvl8f86sfuq.png\" title=\"pngegg (25)\" alt=\"pngegg (25)\" loading=\"lazy\" \/>\t\t\t\t\t\t\t\t\t\t\t\t\t\t\t<\/div>\n\t\t\t\t<\/div>\n\t\t\t\t<div class=\"elementor-element elementor-element-617d7a8a elementor-widget elementor-widget-heading\" data-id=\"617d7a8a\" data-element_type=\"widget\" data-widget_type=\"heading.default\">\n\t\t\t\t<div class=\"elementor-widget-container\">\n\t\t\t<h5 class=\"elementor-heading-title elementor-size-default\">Se\u00e7in<\/h5>\t\t<\/div>\n\t\t\t\t<\/div>\n\t\t\t\t<div class=\"elementor-element elementor-element-22ce9b29 elementor-widget elementor-widget-heading\" data-id=\"22ce9b29\" data-element_type=\"widget\" data-widget_type=\"heading.default\">\n\t\t\t\t<div class=\"elementor-widget-container\">\n\t\t\t<p class=\"elementor-heading-title elementor-size-default\">Siz\u0259 uy\u011fun icra\u00e7\u0131n\u0131 se\u00e7in, tar\u0259xl\u0259ri v\u0259 i\u015f prosessi haqq\u0131nda dan\u0131\u015f\u0131n.<\/p>\t\t<\/div>\n\t\t\t\t<\/div>\n\t\t\t\t\t<\/div>\n\t\t<\/div>\n\t\t\t\t\t\t\t<\/div>\n\t\t<\/section>\n\t\t\t\t<section class=\"elementor-section elementor-top-section elementor-element elementor-element-fa463b8 elementor-section-boxed elementor-section-height-default elementor-section-height-default\" data-id=\"fa463b8\" data-element_type=\"section\">\n\t\t\t\t\t\t<div class=\"elementor-container elementor-column-gap-default\">\n\t\t\t\t\t<div class=\"elementor-column elementor-col-100 elementor-top-column elementor-element elementor-element-8d74b7a\" data-id=\"8d74b7a\" data-element_type=\"column\">\n\t\t\t<div class=\"elementor-widget-wrap elementor-element-populated\">\n\t\t\t\t\t\t\t\t<div class=\"elementor-element elementor-element-d35756e elementor-widget elementor-widget-heading\" data-id=\"d35756e\" data-element_type=\"widget\" data-widget_type=\"heading.default\">\n\t\t\t\t<div class=\"elementor-widget-container\">\n\t\t\t<h2 class=\"elementor-heading-title elementor-size-default\">Tap\u015f\u0131r\u0131q icra\u00e7\u0131s\u0131 axtar\u0131\u015f sayt\u0131n\u0131n i\u015finin t\u0259sviri:<\/h2>\t\t<\/div>\n\t\t\t\t<\/div>\n\t\t\t\t\t<\/div>\n\t\t<\/div>\n\t\t\t\t\t\t\t<\/div>\n\t\t<\/section>\n\t\t\t\t<section class=\"elementor-section elementor-top-section elementor-element elementor-element-e92aa81 elementor-section-boxed elementor-section-height-default elementor-section-height-default\" data-id=\"e92aa81\" data-element_type=\"section\">\n\t\t\t\t\t\t<div class=\"elementor-container elementor-column-gap-default\">\n\t\t\t\t\t<div class=\"elementor-column elementor-col-100 elementor-top-column elementor-element elementor-element-b724cbb\" data-id=\"b724cbb\" data-element_type=\"column\">\n\t\t\t<div class=\"elementor-widget-wrap elementor-element-populated\">\n\t\t\t\t\t\t\t\t<div class=\"elementor-element elementor-element-9d5e1ad elementor-widget elementor-widget-text-editor\" data-id=\"9d5e1ad\" data-element_type=\"widget\" data-widget_type=\"text-editor.default\">\n\t\t\t\t<div class=\"elementor-widget-container\">\n\t\t\t<style>\/*! elementor - v3.13.3 - 22-05-2023 *\/\n.elementor-widget-text-editor.elementor-drop-cap-view-stacked .elementor-drop-cap{background-color:#69727d;color:#fff}.elementor-widget-text-editor.elementor-drop-cap-view-framed .elementor-drop-cap{color:#69727d;border:3px solid;background-color:transparent}.elementor-widget-text-editor:not(.elementor-drop-cap-view-default) .elementor-drop-cap{margin-top:8px}.elementor-widget-text-editor:not(.elementor-drop-cap-view-default) .elementor-drop-cap-letter{width:1em;height:1em}.elementor-widget-text-editor .elementor-drop-cap{float:left;text-align:center;line-height:1;font-size:50px}.elementor-widget-text-editor .elementor-drop-cap-letter{display:inline-block}<\/style>\t\t\t\t<p>\u00a0<\/p><p>Tap\u015f\u0131r\u0131\u011f\u0131 t\u0259rk etm\u0259k: Siz i\u015fin n\u00f6v\u00fc, yer, b\u00fcdc\u0259 v\u0259 son tarixl\u0259r kimi b\u00fct\u00fcn laz\u0131mi t\u0259f\u0259rr\u00fcatlar\u0131 t\u0259qdim ed\u0259r\u0259k, bir tap\u015f\u0131r\u0131\u011f\u0131 tamamlanma\u011fa burax\u0131rs\u0131n\u0131z.<\/p><p>Bildiri\u015fl\u0259rin paylanmas\u0131: Sistem tap\u015f\u0131r\u0131qlar\u0131n\u0131z\u0131 t\u0259l\u0259bl\u0259riniz\u0259 cavab ver\u0259n ifa\u00e7\u0131lara g\u00f6nd\u0259rir. M\u0259s\u0259l\u0259n, \u0259g\u0259r siz Vi\u015fnevkada santexnik axtar\u0131rs\u0131n\u0131zsa, o zaman \u0259razid\u0259ki b\u00fct\u00fcn santexnika ustalar\u0131na bildiri\u015f g\u00f6nd\u0259rilir.<\/p><p>Tap\u015f\u0131r\u0131qlar\u0131n Qiym\u0259tl\u0259ndirilm\u0259si: Podrat\u00e7\u0131lar tap\u015f\u0131r\u0131\u011f\u0131n\u0131z\u0131 n\u0259z\u0259rd\u0259n ke\u00e7irir, onu qiym\u0259tl\u0259ndirir v\u0259 siz\u0259 qiym\u0259t v\u0259 son tarixl\u0259 t\u0259klif g\u00f6nd\u0259rir.<\/p><p>T\u0259klifl\u0259r al\u0131n: Probleminiz\u0259 baxan ifa\u00e7\u0131lardan t\u0259klifl\u0259r al\u0131rs\u0131n\u0131z. Siz ifa\u00e7\u0131lar\u0131n siyah\u0131s\u0131na baxa, \u0259n uy\u011fununu se\u00e7\u0259 v\u0259 onun reytinqin\u0259 v\u0259 r\u0259yl\u0259rin\u0259 diqq\u0259t yetir\u0259 bil\u0259rsiniz.<\/p><p>\u0130cra\u00e7\u0131n\u0131n se\u00e7ilm\u0259si: Siz icra\u00e7\u0131 se\u00e7irsiniz v\u0259 onunla sifari\u015fin ba\u015flan\u011f\u0131c tarixi, son tarix v\u0259 \u00f6d\u0259ni\u015f kimi t\u0259f\u0259rr\u00fcatlar\u0131n\u0131 m\u00fczakir\u0259 edirsiniz.<\/p><p>Tap\u015f\u0131r\u0131\u011f\u0131n yerin\u0259 yetirilm\u0259si: \u0130fa\u00e7\u0131 i\u015fi yerin\u0259 yetirir v\u0259 ba\u015fa \u00e7atd\u0131qdan sonra proqramda \u201ctamamland\u0131\u201d d\u00fcym\u0259sini s\u0131x\u0131r.<\/p><p>\u0130\u015fin yoxlan\u0131lmas\u0131: \u0130\u015fin g\u00f6r\u00fclm\u0259si bar\u0259d\u0259 bildiri\u015f al\u0131rs\u0131n\u0131z v\u0259 onu yoxlay\u0131rs\u0131n\u0131z. H\u0259r \u015fey siz\u0259 uy\u011fundursa, i\u015fi q\u0259bul edirsiniz, onun i\u015fini sizin \u00fc\u00e7\u00fcn qiym\u0259tl\u0259ndirir v\u0259 qiym\u0259tl\u0259ndirirsiniz, r\u0259y yaz\u0131n v\u0259 i\u015fin haqq\u0131n\u0131 \u00f6d\u0259yirsiniz.<\/p><p>R\u0259ssam\u0131n reytinqi: R\u0259yinizd\u0259n v\u0259 s\u0259n\u0259t\u00e7iy\u0259 verdiyiniz reytinqd\u0259n, onun reytinqind\u0259n v\u0259 m\u00fcvafiq olaraq g\u0259l\u0259c\u0259k sifari\u015fl\u0259rin say\u0131ndan as\u0131l\u0131 olacaq.<\/p><p>Bu yolla, tap\u015f\u0131r\u0131q tapan sayt i\u015fi ba\u015fa \u00e7atd\u0131rmaq \u00fc\u00e7\u00fcn pe\u015f\u0259kar tapma\u011fa k\u00f6m\u0259k edir v\u0259 tap\u015f\u0131r\u0131qlar\u0131 yerin\u0259 yetirm\u0259k \u00fc\u00e7\u00fcn etibarl\u0131 v\u0259 rahat bir yol t\u0259qdim edir.<\/p>\t\t\t\t\t\t<\/div>\n\t\t\t\t<\/div>\n\t\t\t\t\t<\/div>\n\t\t<\/div>\n\t\t\t\t\t\t\t<\/div>\n\t\t<\/section>\n\t\t\t\t<section class=\"elementor-section elementor-top-section elementor-element elementor-element-7863e27 elementor-section-stretched elementor-section-boxed elementor-section-height-default elementor-section-height-default\" data-id=\"7863e27\" data-element_type=\"section\" data-settings=\"{&quot;stretch_section&quot;:&quot;section-stretched&quot;}\">\n\t\t\t\t\t\t<div class=\"elementor-container elementor-column-gap-default\">\n\t\t\t\t\t<div class=\"elementor-column elementor-col-50 elementor-top-column elementor-element elementor-element-507a7f6\" data-id=\"507a7f6\" data-element_type=\"column\">\n\t\t\t<div class=\"elementor-widget-wrap elementor-element-populated\">\n\t\t\t\t\t\t\t\t<section class=\"elementor-section elementor-inner-section elementor-element elementor-element-42fd7ed elementor-section-boxed elementor-section-height-default elementor-section-height-default\" data-id=\"42fd7ed\" data-element_type=\"section\" data-settings=\"{&quot;background_background&quot;:&quot;classic&quot;}\">\n\t\t\t\t\t\t<div class=\"elementor-container elementor-column-gap-default\">\n\t\t\t\t\t<div class=\"elementor-column elementor-col-50 elementor-inner-column elementor-element elementor-element-1cb5b61\" data-id=\"1cb5b61\" data-element_type=\"column\">\n\t\t\t<div class=\"elementor-widget-wrap elementor-element-populated\">\n\t\t\t\t\t\t\t\t<div class=\"elementor-element elementor-element-00a962b elementor-widget elementor-widget-heading\" data-id=\"00a962b\" data-element_type=\"widget\" data-widget_type=\"heading.default\">\n\t\t\t\t<div class=\"elementor-widget-container\">\n\t\t\t<h2 class=\"elementor-heading-title elementor-size-default\">Freelancer<\/h2>\t\t<\/div>\n\t\t\t\t<\/div>\n\t\t\t\t<div class=\"elementor-element elementor-element-4a0066a elementor-widget elementor-widget-heading\" data-id=\"4a0066a\" data-element_type=\"widget\" data-widget_type=\"heading.default\">\n\t\t\t\t<div class=\"elementor-widget-container\">\n\t\t\t<p class=\"elementor-heading-title elementor-size-default\">With ProLancer, you can develop a website for remote freelancers that will provide their best to the clients\n<\/p>\t\t<\/div>\n\t\t\t\t<\/div>\n\t\t\t\t\t<\/div>\n\t\t<\/div>\n\t\t\t\t<div class=\"elementor-column elementor-col-50 elementor-inner-column elementor-element elementor-element-dcb3412\" data-id=\"dcb3412\" data-element_type=\"column\">\n\t\t\t<div class=\"elementor-widget-wrap\">\n\t\t\t\t\t\t\t\t\t<\/div>\n\t\t<\/div>\n\t\t\t\t\t\t\t<\/div>\n\t\t<\/section>\n\t\t\t\t\t<\/div>\n\t\t<\/div>\n\t\t\t\t<div class=\"elementor-column elementor-col-50 elementor-top-column elementor-element elementor-element-1ddb631\" data-id=\"1ddb631\" data-element_type=\"column\" data-settings=\"{&quot;background_background&quot;:&quot;classic&quot;}\">\n\t\t\t<div class=\"elementor-widget-wrap elementor-element-populated\">\n\t\t\t\t\t\t\t\t<section class=\"elementor-section elementor-inner-section elementor-element elementor-element-4378230 elementor-section-boxed elementor-section-height-default elementor-section-height-default\" data-id=\"4378230\" data-element_type=\"section\" data-settings=\"{&quot;background_background&quot;:&quot;classic&quot;}\">\n\t\t\t\t\t\t<div class=\"elementor-container elementor-column-gap-default\">\n\t\t\t\t\t<div class=\"elementor-column elementor-col-50 elementor-inner-column elementor-element elementor-element-8ee811a\" data-id=\"8ee811a\" data-element_type=\"column\">\n\t\t\t<div class=\"elementor-widget-wrap elementor-element-populated\">\n\t\t\t\t\t\t\t\t<div class=\"elementor-element elementor-element-ab879ac elementor-widget elementor-widget-heading\" data-id=\"ab879ac\" data-element_type=\"widget\" data-widget_type=\"heading.default\">\n\t\t\t\t<div class=\"elementor-widget-container\">\n\t\t\t<h2 class=\"elementor-heading-title elementor-size-default\">Hire Designer<\/h2>\t\t<\/div>\n\t\t\t\t<\/div>\n\t\t\t\t<div class=\"elementor-element elementor-element-7beba6b elementor-widget elementor-widget-heading\" data-id=\"7beba6b\" data-element_type=\"widget\" data-widget_type=\"heading.default\">\n\t\t\t\t<div class=\"elementor-widget-container\">\n\t\t\t<p class=\"elementor-heading-title elementor-size-default\">With ProLancer, you can develop a website for remote freelancers that will provide their best to the clients\n<\/p>\t\t<\/div>\n\t\t\t\t<\/div>\n\t\t\t\t\t<\/div>\n\t\t<\/div>\n\t\t\t\t<div class=\"elementor-column elementor-col-50 elementor-inner-column elementor-element elementor-element-4e69473\" data-id=\"4e69473\" data-element_type=\"column\">\n\t\t\t<div class=\"elementor-widget-wrap\">\n\t\t\t\t\t\t\t\t\t<\/div>\n\t\t<\/div>\n\t\t\t\t\t\t\t<\/div>\n\t\t<\/section>\n\t\t\t\t\t<\/div>\n\t\t<\/div>\n\t\t\t\t\t\t\t<\/div>\n\t\t<\/section>\n\t\t\t\t<section class=\"elementor-section elementor-top-section elementor-element elementor-element-110d2a1a elementor-section-stretched elementor-section-boxed elementor-section-height-default elementor-section-height-default\" data-id=\"110d2a1a\" data-element_type=\"section\" data-settings=\"{&quot;stretch_section&quot;:&quot;section-stretched&quot;}\">\n\t\t\t\t\t\t<div class=\"elementor-container elementor-column-gap-default\">\n\t\t\t\t\t<div class=\"elementor-column elementor-col-100 elementor-top-column elementor-element elementor-element-387fd8f3\" data-id=\"387fd8f3\" data-element_type=\"column\">\n\t\t\t<div class=\"elementor-widget-wrap elementor-element-populated\">\n\t\t\t\t\t\t\t\t<section class=\"elementor-section elementor-inner-section elementor-element elementor-element-62743087 elementor-section-boxed elementor-section-height-default elementor-section-height-default\" data-id=\"62743087\" data-element_type=\"section\" data-settings=\"{&quot;background_background&quot;:&quot;classic&quot;}\">\n\t\t\t\t\t\t\t<div class=\"elementor-background-overlay\"><\/div>\n\t\t\t\t\t\t\t<div class=\"elementor-container elementor-column-gap-default\">\n\t\t\t\t\t<div class=\"elementor-column elementor-col-50 elementor-inner-column elementor-element elementor-element-6535734b\" data-id=\"6535734b\" data-element_type=\"column\">\n\t\t\t<div class=\"elementor-widget-wrap elementor-element-populated\">\n\t\t\t\t\t\t\t\t<div class=\"elementor-element elementor-element-756d2f85 elementor-widget elementor-widget-heading\" data-id=\"756d2f85\" data-element_type=\"widget\" data-widget_type=\"heading.default\">\n\t\t\t\t<div class=\"elementor-widget-container\">\n\t\t\t<h2 class=\"elementor-heading-title elementor-size-default\">Biznesinizi inki\u015faf etdirm\u0259k \u00fc\u00e7\u00fcn laz\u0131m olan istedad\u0131 tap\u0131n.\n<\/h2>\t\t<\/div>\n\t\t\t\t<\/div>\n\t\t\t\t<div class=\"elementor-element elementor-element-441f5308 elementor-widget elementor-widget-text-editor\" data-id=\"441f5308\" data-element_type=\"widget\" data-widget_type=\"text-editor.default\">\n\t\t\t\t<div class=\"elementor-widget-container\">\n\t\t\t\t\t\t\t<div class=\"elementor-element elementor-element-b5305a8 elementor-widget elementor-widget-text-editor\" data-id=\"b5305a8\" data-element_type=\"widget\" data-widget_type=\"text-editor.default\"><div class=\"elementor-widget-container\"><div class=\"gtx-body\">\u0130\u015fl\u0259rinizi minl\u0259rl\u0259 ayl\u0131q istifad\u0259\u00e7iy\u0259 reklam edin v\u0259 15000\u00a0 CV arasinda axtar\u0131n<\/div><\/div><\/div>\t\t\t\t\t\t<\/div>\n\t\t\t\t<\/div>\n\t\t\t\t<div class=\"elementor-element elementor-element-64831cf9 elementor-widget elementor-widget-button\" data-id=\"64831cf9\" data-element_type=\"widget\" data-widget_type=\"button.default\">\n\t\t\t\t<div class=\"elementor-widget-container\">\n\t\t\t\r\n      <div style=\"text-align: left\">\r\n         <a class=\"prolancer-btn no\" href=\"#\">\r\n            \u0130cra\u00e7\u0131 tapmaq<\/a>\r\n      <\/div>\r\n      \t\t<\/div>\n\t\t\t\t<\/div>\n\t\t\t\t\t<\/div>\n\t\t<\/div>\n\t\t\t\t<div class=\"elementor-column elementor-col-50 elementor-inner-column elementor-element elementor-element-6697025\" data-id=\"6697025\" data-element_type=\"column\">\n\t\t\t<div class=\"elementor-widget-wrap\">\n\t\t\t\t\t\t\t\t\t<\/div>\n\t\t<\/div>\n\t\t\t\t\t\t\t<\/div>\n\t\t<\/section>\n\t\t\t\t\t<\/div>\n\t\t<\/div>\n\t\t\t\t\t\t\t<\/div>\n\t\t<\/section>\n\t\t\t\t\t\t\t<\/div>","protected":false},"excerpt":{"rendered":"<p>Sifari\u015f Yarad\u0131n Laz\u0131mli olan i\u015f haqq\u0131nda m\u0259lumat verin. Pulsuzdur v\u0259 3-4 d\u0259qiq\u0259 \u00e7\u0259kir. T\u0259klif \u0259ld\u0259 edin \u0130cra\u00e7\u0131lar i\u015finiz\u0259 baxib art\u0131q qiym\u0259t t\u0259klifl\u0259ri il\u0259 sizinl\u0259 \u0259laq\u0259 quracaqlar. Se\u00e7in Siz\u0259 uy\u011fun icra\u00e7\u0131n\u0131 se\u00e7in, tar\u0259xl\u0259ri v\u0259 i\u015f prosessi haqq\u0131nda dan\u0131\u015f\u0131n. Tap\u015f\u0131r\u0131q icra\u00e7\u0131s\u0131 axtar\u0131\u015f sayt\u0131n\u0131n i\u015finin t\u0259sviri: \u00a0 Tap\u015f\u0131r\u0131\u011f\u0131 t\u0259rk etm\u0259k: Siz i\u015fin n\u00f6v\u00fc, yer, b\u00fcdc\u0259 v\u0259 son tarixl\u0259r [&hellip;]<\/p>","protected":false},"author":1,"featured_media":0,"parent":0,"menu_order":0,"comment_status":"closed","ping_status":"closed","template":"","meta":{"footnotes":""},"class_list":["post-36","page","type-page","status-publish","hentry"],"_links":{"self":[{"href":"https:\/\/fayda.az\/ru\/wp-json\/wp\/v2\/pages\/36","targetHints":{"allow":["GET"]}}],"collection":[{"href":"https:\/\/fayda.az\/ru\/wp-json\/wp\/v2\/pages"}],"about":[{"href":"https:\/\/fayda.az\/ru\/wp-json\/wp\/v2\/types\/page"}],"author":[{"embeddable":true,"href":"https:\/\/fayda.az\/ru\/wp-json\/wp\/v2\/users\/1"}],"replies":[{"embeddable":true,"href":"https:\/\/fayda.az\/ru\/wp-json\/wp\/v2\/comments?post=36"}],"version-history":[{"count":28,"href":"https:\/\/fayda.az\/ru\/wp-json\/wp\/v2\/pages\/36\/revisions"}],"predecessor-version":[{"id":4084,"href":"https:\/\/fayda.az\/ru\/wp-json\/wp\/v2\/pages\/36\/revisions\/4084"}],"wp:attachment":[{"href":"https:\/\/fayda.az\/ru\/wp-json\/wp\/v2\/media?parent=36"}],"curies":[{"name":"wp","href":"https:\/\/api.w.org\/{rel}","templated":true}]}}